{"id":1274,"date":"2025-10-08T17:58:07","date_gmt":"2025-10-08T15:58:07","guid":{"rendered":"https:\/\/strefakomfortu.com.pl\/?page_id=1274"},"modified":"2025-10-08T17:58:07","modified_gmt":"2025-10-08T15:58:07","slug":"klauzula-informacyjna-rodo","status":"publish","type":"page","link":"https:\/\/strefakomfortu.com.pl\/index.php\/klauzula-informacyjna-rodo\/","title":{"rendered":"KLAUZULA INFORMACYJNA RODO"},"content":{"rendered":"<p style=\"text-align: center;\"><b>KLAUZULA INFORMACYJNA RODO<\/b><\/p>\n\n\n<p><strong>ADMINISTRATOR DANYCH OSOBOWYCH\u00a0<\/strong><\/p>\n\n\n\n<p>Administratorem podanych przez Pa\u0144stwa danych osobowych jest: Aleksandra Rychlik-Traczyk prowadz\u0105ca dzia\u0142alno\u015b\u0107 gospodarcz\u0105 pod firm\u0105 Psycholog Aleksandra Rychlik-Traczyk, NIP 8291599795, REGON 383606361, ul. Kra\u0144cowa 15, 95-020 Str\u00f3\u017ca, adres email <a href=\"mailto:kontakt@strefakomfortu.com.pl\">kontakt@strefakomfortu.com.pl<\/a>, tel. 8 780 165 431 (dane kontaktowe z administratorem danych).&nbsp;<\/p>\n\n\n\n<ol start=\"2\" class=\"wp-block-list\">\n<li><strong>CEL I PODSTAWA PRAWNA PRZETWARZANIA DANYCH\u00a0<\/strong><\/li>\n<\/ol>\n\n\n\n<p>Podane przez Pa\u0144stwa dane osobowe b\u0119d\u0105 przetwarzane:&nbsp;<\/p>\n\n\n\n<p>a) w celu \u015bwiadczenia us\u0142ug oferowanych przez Stref\u0119 Komfortu&nbsp;<\/p>\n\n\n\n<p>b) w celu wype\u0142niania obowi\u0105zk\u00f3w prawnych wynikaj\u0105cych z przepis\u00f3w prawa, kt\u00f3re musimy realizowa\u0107 w zwi\u0105zku z prowadzeniem dzia\u0142alno\u015bci gospodarczej lub w zwi\u0105zku z zawart\u0105 z Pa\u0144stwem umow\u0105;&nbsp;<\/p>\n\n\n\n<p>c) w celu prowadzenia dokumentacji ksi\u0119gowo-podatkowej \u2013 na podstawie art. 67 ust lit. c) rozporz\u0105dzenia Parlamentu Europejskiego i Rady (UE) 2016\/679 z 27 kwietnia 2016 r. w sprawie ochrony os\u00f3b fizycznych w zwi\u0105zku z przetwarzaniem danych osobowych i w sprawie swobodnego przep\u0142ywu takich danych oraz uchylenia dyrektywy 95\/46\/WE (og\u00f3lne rozporz\u0105dzenie o ochronie danych) (Dz. U. UE. L. z 2016 Nr 119 str 1), dalej jako \u2018RODO\u2019,&nbsp;<\/p>\n\n\n\n<p>d) w celach wynikaj\u0105cych z prawnie uzasadnionych interes\u00f3w realizowanych przez administratora danych, tj. we celu obrony jego prawi dochodzenia roszcze\u0144 z tytu\u0142u prowadzonej dzia\u0142alno\u015bci gospodarczej, co mo\u017ce si\u0119 wi\u0105za\u0107 z konieczno\u015bci\u0105 przetwarzania danych osobowych w tym celu \u2013 na podstawie art. 6 ust 1 lit f) w zw. z art. 6 ust 1 lit b RODO&nbsp;<\/p>\n\n\n\n<p><strong>3. ODBIORCY DANYCH&nbsp;<\/strong><\/p>\n\n\n\n<p>Z uwagi na konieczno\u015b\u0107 zapewnienia odpowiedniej organizacji np. w zakresie infrastruktury technicznej czy w bie\u017c\u0105cych sprawach dzia\u0142alno\u015bci administratora danych, dost\u0119p do podanych przez Pa\u0144stwa danych osobowych mog\u0105 mie\u0107 nast\u0119puj\u0105cy odbiorcy danych:&nbsp;<\/p>\n\n\n\n<p>a) us\u0142ugodawcy, kt\u00f3rym w drodze umowy powierzono przetwarzania danych osobowych na potrzeby realizacji \u015bwiadczonych na rzecz administratora danych w zakresie niezb\u0119dnym do prawid\u0142owego wykonania zleconych us\u0142ug. S\u0105 to w szczeg\u00f3lno\u015bci podmioty \u015bwiadcz\u0105ce us\u0142ugi IT czy ksi\u0119gowe;&nbsp;<\/p>\n\n\n\n<p>b) podmioty uprawnione do otrzymania danych osobowych na podstawie przepis\u00f3w prawa, np. organy podatkowe;&nbsp;<\/p>\n\n\n\n<p>c) dostawcy us\u0142ug zaopatruj\u0105cy w rozwi\u0105zania technicznej i organizacyjne.<\/p>\n\n\n\n<p><strong>4. CZAS PRZETWARZANIA DANYCH&nbsp;<\/strong><\/p>\n\n\n\n<p>Czas przetwarzania Pa\u0144stwa danych zale\u017cy od celu, w jakim s\u0105 przetwarzane:&nbsp;<\/p>\n\n\n\n<p>a) w przypadku przetwarzania danych w celach, o kt\u00f3rych mowa w pkt 2 lit a) i c) w celu realizacji umowy oraz obrony praw i dochodzenia przez administratora danych roszcze\u0144 z tytu\u0142u prowadzonej dzia\u0142alno\u015bci gospodarczej \u2013 w okresie obowi\u0105zywania umowy oraz po up\u0142ywie termin\u00f3w przedawnienia roszcze\u0144 administratora danych z tytu\u0142u rozliczenia umowy,&nbsp;<\/p>\n\n\n\n<p>b) w przypadku przetwarzania danych w celu, o kt\u00f3rym mowa w pkt 2 lit b)- w zakresie i przez okres wymagany przepisami obowi\u0105zuj\u0105cych przepis\u00f3w prawa.&nbsp;<\/p>\n\n\n\n<p><strong>5. PA\u0143STWA PRAWA&nbsp;<\/strong><\/p>\n\n\n\n<p>W dowolnym momencie maj\u0105 Pa\u0144stwo prawo \u017c\u0105da\u0107 dost\u0119pu do swoich danych osobowych, poprawiania, sprostowania, usuni\u0119cia, ograniczenia przetwarzania, wniesienia sprzeciwu z powodu szczeg\u00f3lnej sytuacji oraz prawo do ich przenoszenia. Maj\u0105 Pa\u0144stwo prawo wnie\u015b\u0107 skarg\u0119 do Prezesa Urz\u0119du Ochrony Danych Osobowych, je\u015bli uwa\u017caj\u0105 Pa\u0144stwo, \u017ce dane osobowe s\u0105 przetwarzane niezgodnie z przepisami prawa.&nbsp;<\/p>\n\n\n\n<p><strong>6. DOBROWOLNO\u015a\u0106 PODANIA DANYCH&nbsp;<\/strong><\/p>\n\n\n\n<p>Podanie przez Pa\u0144stwa danych jest dobrowolne, ale niezb\u0119dne dla \u015bwiadczenia us\u0142ugi.&nbsp;<\/p>\n\n\n\n<p><strong>7. POLITYKA PRYWATNO\u015aCI<\/strong><\/p>\n\n\n\n<p>Pe\u0142na polityka prywatno\u015bci dost\u0119pna jest w siedzibie Administratora oraz na stronie internetowej strefakomfortu.com.pl<\/p>\n\n\n\n<p>&nbsp;<\/p>\n","protected":false},"excerpt":{"rendered":"<p>KLAUZULA INFORMACYJNA RODO ADMINISTRATOR DANYCH OSOBOWYCH\u00a0 Administratorem podanych przez Pa\u0144stwa danych osobowych jest: Aleksandra Rychlik-Traczyk prowadz\u0105ca dzia\u0142alno\u015b\u0107 gospodarcz\u0105 pod firm\u0105 Psycholog Aleksandra Rychlik-Traczyk, NIP 8291599795, REGON 383606361, ul. Kra\u0144cowa 15, 95-020 Str\u00f3\u017ca, adres email kontakt@strefakomfortu.com.pl, tel. 8 780 165 431 (dane kontaktowe z administratorem danych).&nbsp; Podane przez Pa\u0144stwa dane osobowe b\u0119d\u0105 przetwarzane:&nbsp; a) w celu [&hellip;]<\/p>\n","protected":false},"author":1,"featured_media":0,"parent":0,"menu_order":0,"comment_status":"closed","ping_status":"closed","template":"templates\/landing.php","meta":{"ocean_post_layout":"","ocean_both_sidebars_style":"","ocean_both_sidebars_content_width":0,"ocean_both_sidebars_sidebars_width":0,"ocean_sidebar":"","ocean_second_sidebar":"","ocean_disable_margins":"enable","ocean_add_body_class":"","ocean_shortcode_before_top_bar":"","ocean_shortcode_after_top_bar":"","ocean_shortcode_before_header":"","ocean_shortcode_after_header":"","ocean_has_shortcode":"","ocean_shortcode_after_title":"","ocean_shortcode_before_footer_widgets":"","ocean_shortcode_after_footer_widgets":"","ocean_shortcode_before_footer_bottom":"","ocean_shortcode_after_footer_bottom":"","ocean_display_top_bar":"default","ocean_display_header":"default","ocean_header_style":"","ocean_center_header_left_menu":"","ocean_custom_header_template":"","ocean_custom_logo":0,"ocean_custom_retina_logo":0,"ocean_custom_logo_max_width":0,"ocean_custom_logo_tablet_max_width":0,"ocean_custom_logo_mobile_max_width":0,"ocean_custom_logo_max_height":0,"ocean_custom_logo_tablet_max_height":0,"ocean_custom_logo_mobile_max_height":0,"ocean_header_custom_menu":"","ocean_menu_typo_font_family":"","ocean_menu_typo_font_subset":"","ocean_menu_typo_font_size":0,"ocean_menu_typo_font_size_tablet":0,"ocean_menu_typo_font_size_mobile":0,"ocean_menu_typo_font_size_unit":"px","ocean_menu_typo_font_weight":"","ocean_menu_typo_font_weight_tablet":"","ocean_menu_typo_font_weight_mobile":"","ocean_menu_typo_transform":"","ocean_menu_typo_transform_tablet":"","ocean_menu_typo_transform_mobile":"","ocean_menu_typo_line_height":0,"ocean_menu_typo_line_height_tablet":0,"ocean_menu_typo_line_height_mobile":0,"ocean_menu_typo_line_height_unit":"","ocean_menu_typo_spacing":0,"ocean_menu_typo_spacing_tablet":0,"ocean_menu_typo_spacing_mobile":0,"ocean_menu_typo_spacing_unit":"","ocean_menu_link_color":"","ocean_menu_link_color_hover":"","ocean_menu_link_color_active":"","ocean_menu_link_background":"","ocean_menu_link_hover_background":"","ocean_menu_link_active_background":"","ocean_menu_social_links_bg":"","ocean_menu_social_hover_links_bg":"","ocean_menu_social_links_color":"","ocean_menu_social_hover_links_color":"","ocean_disable_title":"default","ocean_disable_heading":"default","ocean_post_title":"","ocean_post_subheading":"","ocean_post_title_style":"","ocean_post_title_background_color":"","ocean_post_title_background":0,"ocean_post_title_bg_image_position":"","ocean_post_title_bg_image_attachment":"","ocean_post_title_bg_image_repeat":"","ocean_post_title_bg_image_size":"","ocean_post_title_height":0,"ocean_post_title_bg_overlay":0.5,"ocean_post_title_bg_overlay_color":"","ocean_disable_breadcrumbs":"default","ocean_breadcrumbs_color":"","ocean_breadcrumbs_separator_color":"","ocean_breadcrumbs_links_color":"","ocean_breadcrumbs_links_hover_color":"","ocean_display_footer_widgets":"default","ocean_display_footer_bottom":"default","ocean_custom_footer_template":"","footnotes":""},"class_list":["post-1274","page","type-page","status-publish","hentry","entry"],"_links":{"self":[{"href":"https:\/\/strefakomfortu.com.pl\/index.php\/wp-json\/wp\/v2\/pages\/1274","targetHints":{"allow":["GET"]}}],"collection":[{"href":"https:\/\/strefakomfortu.com.pl\/index.php\/wp-json\/wp\/v2\/pages"}],"about":[{"href":"https:\/\/strefakomfortu.com.pl\/index.php\/wp-json\/wp\/v2\/types\/page"}],"author":[{"embeddable":true,"href":"https:\/\/strefakomfortu.com.pl\/index.php\/wp-json\/wp\/v2\/users\/1"}],"replies":[{"embeddable":true,"href":"https:\/\/strefakomfortu.com.pl\/index.php\/wp-json\/wp\/v2\/comments?post=1274"}],"version-history":[{"count":1,"href":"https:\/\/strefakomfortu.com.pl\/index.php\/wp-json\/wp\/v2\/pages\/1274\/revisions"}],"predecessor-version":[{"id":1275,"href":"https:\/\/strefakomfortu.com.pl\/index.php\/wp-json\/wp\/v2\/pages\/1274\/revisions\/1275"}],"wp:attachment":[{"href":"https:\/\/strefakomfortu.com.pl\/index.php\/wp-json\/wp\/v2\/media?parent=1274"}],"curies":[{"name":"wp","href":"https:\/\/api.w.org\/{rel}","templated":true}]}}